{"id":3314,"date":"2022-10-18T13:09:17","date_gmt":"2022-10-18T11:09:17","guid":{"rendered":"https:\/\/biotellus.qodeinteractive.com\/?page_id=3314"},"modified":"2025-07-02T18:09:54","modified_gmt":"2025-07-02T16:09:54","slug":"presentation-et-equipe-kouros","status":"publish","type":"page","link":"https:\/\/www.kouros-investment.com\/fr\/presentation-et-equipe-kouros\/","title":{"rendered":"Pr\u00e9sentation de Kouros"},"content":{"rendered":"\t\t<div data-elementor-type=\"wp-page\" data-elementor-id=\"3314\" class=\"elementor elementor-3314\">\n\t\t\t\t\t\t<section class=\"elementor-section elementor-inner-section elementor-element elementor-element-8fcf736 elementor-section-full_width qodef-elementor-content-grid elementor-section-height-default elementor-section-height-default qodef-vertical-text-holder-no\" data-id=\"8fcf736\" data-element_type=\"section\" data-e-type=\"section\">\n\t\t\t\t\t\t<div class=\"elementor-container elementor-column-gap-default\">\n\t\t\t\t\t<div class=\"elementor-column elementor-col-66 elementor-inner-column elementor-element elementor-element-13c0883\" data-id=\"13c0883\" data-element_type=\"column\" data-e-type=\"column\">\n\t\t\t<div class=\"elementor-widget-wrap elementor-element-populated\">\n\t\t\t\t\t\t<div class=\"elementor-element elementor-element-415bab0b elementor-widget elementor-widget-biotellus_core_section_title\" data-id=\"415bab0b\" data-element_type=\"widget\" data-e-type=\"widget\" data-widget_type=\"biotellus_core_section_title.default\">\n\t\t\t\t<div class=\"elementor-widget-container\">\n\t\t\t\t\t<div class=\"qodef-shortcode qodef-m  qodef-section-title qodef-alignment--left   \">\n    <div class=\"qodef-title-wrapper\">\n        \t<p class=\"qodef-m-subtitle\" >\n        Notre histoire    <\/p>\n            <\/div>\n    \t<\/div>\n\t\t\t\t<\/div>\n\t\t\t\t<\/div>\n\t\t\t\t<div class=\"elementor-element elementor-element-4dcdf1e2 elementor-widget elementor-widget-text-editor\" data-id=\"4dcdf1e2\" data-element_type=\"widget\" data-e-type=\"widget\" data-widget_type=\"text-editor.default\">\n\t\t\t\t<div class=\"elementor-widget-container\">\n\t\t\t\t\t\t\t\t\t<h3>Fond\u00e9e en 2016 par l&rsquo;investisseur fran\u00e7ais <i style=\"color: #666;\">Alexandre Gar\u00e8se, Kouros est une soci\u00e9t\u00e9 d&rsquo;investissement industriel<\/i> d\u00e9di\u00e9e \u00e0 la <span style=\"color: #94cd18;\">transition \u00e9nerg\u00e9tique et aux enjeux climatiques.<\/span><\/h3>\t\t\t\t\t\t\t\t<\/div>\n\t\t\t\t<\/div>\n\t\t\t\t\t<\/div>\n\t\t<\/div>\n\t\t\t\t<div class=\"elementor-column elementor-col-33 elementor-inner-column elementor-element elementor-element-8bde46d\" data-id=\"8bde46d\" data-element_type=\"column\" data-e-type=\"column\">\n\t\t\t<div class=\"elementor-widget-wrap elementor-element-populated\">\n\t\t\t\t\t\t<div class=\"elementor-element elementor-element-27251e9 elementor-widget elementor-widget-text-editor\" data-id=\"27251e9\" data-element_type=\"widget\" data-e-type=\"widget\" data-widget_type=\"text-editor.default\">\n\t\t\t\t<div class=\"elementor-widget-container\">\n\t\t\t\t\t\t\t\t\t<h5>Op\u00e9rationnelle depuis d\u00e9but 2018, Kouros rassemble aujourd&rsquo;hui une \u00e9quipe pluridisciplinaire d&rsquo;experts de l&rsquo;\u00e9lectricit\u00e9, du gaz naturel, du GNL et de l&rsquo;hydrog\u00e8ne.<\/h5>\n<h5>Kouros a r\u00e9alis\u00e9 <em><a href=\"\/fr\/investisseur-kouros\/\">8 investissements,\n1 sortie<\/a><\/em>, cr\u00e9\u00e9 <em><a href=\"\/fr\/kouros-entrepreneur\/\">2 nouvelles soci\u00e9t\u00e9s<\/a><\/em> et d\u00e9velopp\u00e9 une expertise unique et reconnue en particulier dans le domaine de l&rsquo;hydrog\u00e8ne.<\/h5>\t\t\t\t\t\t\t\t<\/div>\n\t\t\t\t<\/div>\n\t\t\t\t\t<\/div>\n\t\t<\/div>\n\t\t\t\t\t<\/div>\n\t\t<\/section>\n\t\t\t\t<section class=\"elementor-section elementor-top-section elementor-element elementor-element-71360895 elementor-section-full_width elementor-section-content-middle elementor-section-height-default elementor-section-height-default qodef-elementor-content-no qodef-vertical-text-holder-no\" data-id=\"71360895\" data-element_type=\"section\" data-e-type=\"section\" id=\"vision\" data-settings=\"{&quot;background_background&quot;:&quot;classic&quot;}\">\n\t\t\t\t\t\t<div class=\"elementor-container elementor-column-gap-default\">\n\t\t\t\t\t<div class=\"elementor-column elementor-col-50 elementor-top-column elementor-element elementor-element-19bb4d63\" data-id=\"19bb4d63\" data-element_type=\"column\" data-e-type=\"column\" data-settings=\"{&quot;background_background&quot;:&quot;slideshow&quot;,&quot;background_slideshow_gallery&quot;:[{&quot;id&quot;:13202,&quot;url&quot;:&quot;https:\\\/\\\/www.kouros-investment.com\\\/wp-content\\\/uploads\\\/2022\\\/12\\\/convictions-kouros-arbre.jpg&quot;},{&quot;id&quot;:9977,&quot;url&quot;:&quot;https:\\\/\\\/www.kouros-investment.com\\\/wp-content\\\/uploads\\\/2022\\\/10\\\/cover-video-kouros.jpg&quot;},{&quot;id&quot;:10241,&quot;url&quot;:&quot;https:\\\/\\\/www.kouros-investment.com\\\/wp-content\\\/uploads\\\/2022\\\/10\\\/hydrogene-5.jpg&quot;}],&quot;background_slideshow_transition_duration&quot;:1000,&quot;background_slideshow_ken_burns&quot;:&quot;yes&quot;,&quot;background_slideshow_loop&quot;:&quot;yes&quot;,&quot;background_slideshow_slide_duration&quot;:5000,&quot;background_slideshow_slide_transition&quot;:&quot;fade&quot;,&quot;background_slideshow_ken_burns_zoom_direction&quot;:&quot;in&quot;}\">\n\t\t\t<div class=\"elementor-widget-wrap elementor-element-populated\">\n\t\t\t\t\t\t<div class=\"elementor-element elementor-element-18563cc elementor-widget elementor-widget-spacer\" data-id=\"18563cc\" data-element_type=\"widget\" data-e-type=\"widget\" data-widget_type=\"spacer.default\">\n\t\t\t\t<div class=\"elementor-widget-container\">\n\t\t\t\t\t\t\t<div class=\"elementor-spacer\">\n\t\t\t<div class=\"elementor-spacer-inner\"><\/div>\n\t\t<\/div>\n\t\t\t\t\t\t<\/div>\n\t\t\t\t<\/div>\n\t\t\t\t\t<\/div>\n\t\t<\/div>\n\t\t\t\t<div class=\"elementor-column elementor-col-50 elementor-top-column elementor-element elementor-element-b9d441f\" data-id=\"b9d441f\" data-element_type=\"column\" data-e-type=\"column\" data-settings=\"{&quot;background_background&quot;:&quot;classic&quot;}\">\n\t\t\t<div class=\"elementor-widget-wrap elementor-element-populated\">\n\t\t\t\t\t\t<div class=\"elementor-element elementor-element-7f44f65 elementor-widget elementor-widget-biotellus_core_section_title\" data-id=\"7f44f65\" data-element_type=\"widget\" data-e-type=\"widget\" data-widget_type=\"biotellus_core_section_title.default\">\n\t\t\t\t<div class=\"elementor-widget-container\">\n\t\t\t\t\t<div class=\"qodef-shortcode qodef-m  qodef-section-title qodef-alignment--left   \">\n    <div class=\"qodef-title-wrapper\">\n        \t<p class=\"qodef-m-subtitle\" >\n        Kouros    <\/p>\n        \t<h2 class=\"qodef-m-title\" >\n\t\t\t\t\tVision &amp; Conviction\t\t\t<\/h2>\n    <\/div>\n    \t<\/div>\n\t\t\t\t<\/div>\n\t\t\t\t<\/div>\n\t\t\t\t<div class=\"elementor-element elementor-element-ad2cc3e elementor-widget elementor-widget-qi_addons_for_elementor_section_title\" data-id=\"ad2cc3e\" data-element_type=\"widget\" data-e-type=\"widget\" data-widget_type=\"qi_addons_for_elementor_section_title.default\">\n\t\t\t\t<div class=\"elementor-widget-container\">\n\t\t\t\t\t<div class=\"qodef-shortcode qodef-m qodef-qi-section-title qodef-decoration--italic qodef-link--underline-draw qodef-subtitle-icon--left\">\n\t\t\t\t\t\t<h5 class=\"qodef-m-subtitle\">\n\t\tPour atteindre la neutralit\u00e9 climatique le plus rapidement possible, il est n\u00e9cessaire de remplacer les \u00e9nergies fossiles par des \u00e9nergies renouvelables et de retirer du carbone de l\u2019atmosph\u00e8re.\t\t\t<\/h5>\n\t\t\t<\/div>\n\t\t\t\t<\/div>\n\t\t\t\t<\/div>\n\t\t\t\t<section class=\"elementor-section elementor-inner-section elementor-element elementor-element-f021b53 elementor-section-full_width elementor-section-height-default elementor-section-height-default qodef-elementor-content-no qodef-vertical-text-holder-no\" data-id=\"f021b53\" data-element_type=\"section\" data-e-type=\"section\">\n\t\t\t\t\t\t<div class=\"elementor-container elementor-column-gap-default\">\n\t\t\t\t\t<div class=\"elementor-column elementor-col-100 elementor-inner-column elementor-element elementor-element-2f7f84c\" data-id=\"2f7f84c\" data-element_type=\"column\" data-e-type=\"column\">\n\t\t\t<div class=\"elementor-widget-wrap elementor-element-populated\">\n\t\t\t\t\t\t<div class=\"elementor-element elementor-element-83778c1 elementor-widget elementor-widget-text-editor\" data-id=\"83778c1\" data-element_type=\"widget\" data-e-type=\"widget\" data-widget_type=\"text-editor.default\">\n\t\t\t\t<div class=\"elementor-widget-container\">\n\t\t\t\t\t\t\t\t\t<p>Kouros mobilise son expertise technique, \u00e9conomique et financi\u00e8re pour contribuer utilement et rapidement \u00e0 ces deux challenges.<\/p><p>Pour ce faire, et sous l\u2019impulsion de son fondateur et investisseur, Kouros d\u00e9veloppe un mod\u00e8le singulier d\u2019investisseur et entrepreneur ; \u00e0 la fois investisseur dans des soci\u00e9t\u00e9s existantes et \u00e9galement entrepreneur d\u00e9veloppant ses propres projets.<\/p><p>Kouros apporte \u00e0 la fois son soutien financier et son expertise dans les infrastructures de production, transport et distribution des \u00e9nergies renouvelables et dans les technologies de rupture. L&rsquo;articulation entre technologies et infrastructure est au coeur du mod\u00e8le de d\u00e9veloppement de Kouros.<\/p><p>Pour assurer cette transition rapide et r\u00e9pondre \u00e0 l\u2019urgence climatique, Kouros d\u00e9veloppe une approche qui se situe \u00e0 l\u2019intersection de la technologie et des usages.<\/p><p>Une m\u00e9thode qui consiste \u00e0 la fois \u00e0 lever les verrous technologiques et \u00e0 d\u00e9velopper en parall\u00e8le les infrastructures n\u00e9cessaires au d\u00e9ploiement et \u00e0 l\u2019adoption de ces technologies.<\/p>\t\t\t\t\t\t\t\t<\/div>\n\t\t\t\t<\/div>\n\t\t\t\t\t<\/div>\n\t\t<\/div>\n\t\t\t\t\t<\/div>\n\t\t<\/section>\n\t\t\t\t\t<\/div>\n\t\t<\/div>\n\t\t\t\t\t<\/div>\n\t\t<\/section>\n\t\t\t\t<\/div>\n\t\t","protected":false},"excerpt":{"rendered":"<p>Notre histoire Fond\u00e9e en 2016 par l&rsquo;investisseur fran\u00e7ais Alexandre Gar\u00e8se, Kouros est une soci\u00e9t\u00e9 d&rsquo;investissement industriel d\u00e9di\u00e9e \u00e0 la transition \u00e9nerg\u00e9tique et aux enjeux climatiques. Op\u00e9rationnelle depuis d\u00e9but 2018, Kouros rassemble aujourd&rsquo;hui une \u00e9quipe pluridisciplinaire d&rsquo;experts de l&rsquo;\u00e9lectricit\u00e9, du gaz naturel, du GNL et de l&rsquo;hydrog\u00e8ne. Kouros a r\u00e9alis\u00e9 8 investissements, 1 sortie, cr\u00e9\u00e9 2 [&hellip;]<\/p>\n","protected":false},"author":1,"featured_media":0,"parent":0,"menu_order":0,"comment_status":"closed","ping_status":"closed","template":"page-full-width.php","meta":{"footnotes":""},"class_list":["post-3314","page","type-page","status-publish","hentry"],"aioseo_notices":[],"_links":{"self":[{"href":"https:\/\/www.kouros-investment.com\/fr\/wp-json\/wp\/v2\/pages\/3314","targetHints":{"allow":["GET"]}}],"collection":[{"href":"https:\/\/www.kouros-investment.com\/fr\/wp-json\/wp\/v2\/pages"}],"about":[{"href":"https:\/\/www.kouros-investment.com\/fr\/wp-json\/wp\/v2\/types\/page"}],"author":[{"embeddable":true,"href":"https:\/\/www.kouros-investment.com\/fr\/wp-json\/wp\/v2\/users\/1"}],"replies":[{"embeddable":true,"href":"https:\/\/www.kouros-investment.com\/fr\/wp-json\/wp\/v2\/comments?post=3314"}],"version-history":[{"count":421,"href":"https:\/\/www.kouros-investment.com\/fr\/wp-json\/wp\/v2\/pages\/3314\/revisions"}],"predecessor-version":[{"id":14056,"href":"https:\/\/www.kouros-investment.com\/fr\/wp-json\/wp\/v2\/pages\/3314\/revisions\/14056"}],"wp:attachment":[{"href":"https:\/\/www.kouros-investment.com\/fr\/wp-json\/wp\/v2\/media?parent=3314"}],"curies":[{"name":"wp","href":"https:\/\/api.w.org\/{rel}","templated":true}]}}