{"id":13680,"date":"2023-04-03T15:59:38","date_gmt":"2023-04-03T13:59:38","guid":{"rendered":"https:\/\/www.kouros-investment.com\/kouros-lab\/"},"modified":"2024-02-22T11:11:07","modified_gmt":"2024-02-22T10:11:07","slug":"kouros-lab","status":"publish","type":"page","link":"https:\/\/www.kouros-investment.com\/fr\/kouros-lab\/","title":{"rendered":"Kouros Lab"},"content":{"rendered":"\t\t<div data-elementor-type=\"wp-page\" data-elementor-id=\"13680\" class=\"elementor elementor-13680 elementor-13554\">\n\t\t\t\t\t\t<section class=\"elementor-section elementor-top-section elementor-element elementor-element-5f6652a elementor-section-full_width elementor-section-stretched qodef-elementor-content-grid elementor-section-height-default elementor-section-height-default qodef-vertical-text-holder-no\" data-id=\"5f6652a\" data-element_type=\"section\" data-e-type=\"section\" data-settings=\"{&quot;stretch_section&quot;:&quot;section-stretched&quot;,&quot;background_background&quot;:&quot;classic&quot;}\">\n\t\t\t\t\t\t<div class=\"elementor-container elementor-column-gap-default\">\n\t\t\t\t\t<div class=\"elementor-column elementor-col-50 elementor-top-column elementor-element elementor-element-8c09237\" data-id=\"8c09237\" data-element_type=\"column\" data-e-type=\"column\">\n\t\t\t<div class=\"elementor-widget-wrap elementor-element-populated\">\n\t\t\t\t\t\t<div class=\"elementor-element elementor-element-77067d4 elementor-widget elementor-widget-biotellus_core_section_title\" data-id=\"77067d4\" data-element_type=\"widget\" data-e-type=\"widget\" data-widget_type=\"biotellus_core_section_title.default\">\n\t\t\t\t<div class=\"elementor-widget-container\">\n\t\t\t\t\t<div class=\"qodef-shortcode qodef-m  qodef-section-title qodef-alignment--left   \">\n    <div class=\"qodef-title-wrapper\">\n        \t<p class=\"qodef-m-subtitle\" >\n        Kouros LAB    <\/p>\n            <\/div>\n    \t<\/div>\n\t\t\t\t<\/div>\n\t\t\t\t<\/div>\n\t\t\t\t<div class=\"elementor-element elementor-element-c84c2e6 elementor-widget elementor-widget-text-editor\" data-id=\"c84c2e6\" data-element_type=\"widget\" data-e-type=\"widget\" data-widget_type=\"text-editor.default\">\n\t\t\t\t<div class=\"elementor-widget-container\">\n\t\t\t\t\t\t\t\t\t<h3><i style=\"color: #666;\">La lutte contre le changement climatique <\/i> requiert des <i style=\"color: #94cd18;\"> innovations technologiques <\/i> <i style=\"color: #666;\">pour rendre possible la d\u00e9carbonation de l\u2019\u00e9conomie, am\u00e9liorer l\u2019efficacit\u00e9 des proc\u00e9d\u00e9s de production, de transport, de distribution et d\u2019utilisation de l\u2019\u00e9nergie et en diminuer drastiquement leurs co\u00fbts.<\/i><\/h3>\t\t\t\t\t\t\t\t<\/div>\n\t\t\t\t<\/div>\n\t\t\t\t\t<\/div>\n\t\t<\/div>\n\t\t\t\t<div class=\"elementor-column elementor-col-50 elementor-top-column elementor-element elementor-element-7754e7e\" data-id=\"7754e7e\" data-element_type=\"column\" data-e-type=\"column\">\n\t\t\t<div class=\"elementor-widget-wrap elementor-element-populated\">\n\t\t\t\t\t\t<div class=\"elementor-element elementor-element-d99565c elementor-widget elementor-widget-text-editor\" data-id=\"d99565c\" data-element_type=\"widget\" data-e-type=\"widget\" data-widget_type=\"text-editor.default\">\n\t\t\t\t<div class=\"elementor-widget-container\">\n\t\t\t\t\t\t\t\t\t<p>Afin de soutenir l&rsquo;innovation et d&rsquo;anticiper les prochaines ruptures technologiques et infrastructures de demain, Kouros a mis en place son propre incubateur, Kouros Lab.<\/p><p>Kouros Lab vise \u00e0 soutenir les innovations internes et externes avec une forte culture d&rsquo;ouverture et de fertilisation crois\u00e9e. Kouros Lab fournit un cadre pour transformer les id\u00e9es en activit\u00e9s futures. L&rsquo;incubation peut durer de 6 \u00e0 24 mois selon le sujet.<\/p><p>Carbonloop et Hyliko sont les deux premiers exemples du processus d&rsquo;incubation de Kouros. Encore au stade d&rsquo;id\u00e9es en 2020, elles ont \u00e9t\u00e9 incub\u00e9es entre 2020 et 2021 pour devenir de nouvelles entreprises autonomes.<\/p><p>Kouros Lab se concentre sur les produits et les utilisations de demain.<\/p>\t\t\t\t\t\t\t\t<\/div>\n\t\t\t\t<\/div>\n\t\t\t\t\t<\/div>\n\t\t<\/div>\n\t\t\t\t\t<\/div>\n\t\t<\/section>\n\t\t\t\t<section class=\"elementor-section elementor-top-section elementor-element elementor-element-8da8280 elementor-section-full_width elementor-section-stretched qodef-elementor-content-grid elementor-section-content-middle elementor-section-height-default elementor-section-height-default qodef-vertical-text-holder-no\" data-id=\"8da8280\" data-element_type=\"section\" data-e-type=\"section\" data-settings=\"{&quot;stretch_section&quot;:&quot;section-stretched&quot;,&quot;background_background&quot;:&quot;classic&quot;}\">\n\t\t\t\t\t\t<div class=\"elementor-container elementor-column-gap-default\">\n\t\t\t\t\t<div class=\"elementor-column elementor-col-50 elementor-top-column elementor-element elementor-element-26851c2\" data-id=\"26851c2\" data-element_type=\"column\" data-e-type=\"column\">\n\t\t\t<div class=\"elementor-widget-wrap elementor-element-populated\">\n\t\t\t\t\t\t<div class=\"elementor-element elementor-element-0acf5c4 elementor-widget elementor-widget-text-editor\" data-id=\"0acf5c4\" data-element_type=\"widget\" data-e-type=\"widget\" data-widget_type=\"text-editor.default\">\n\t\t\t\t<div class=\"elementor-widget-container\">\n\t\t\t\t\t\t\t\t\t<h3><span style=\"color: #083e61;\"><b>Hydrogen<\/b><\/span><\/h3>\t\t\t\t\t\t\t\t<\/div>\n\t\t\t\t<\/div>\n\t\t\t\t\t<\/div>\n\t\t<\/div>\n\t\t\t\t<div class=\"elementor-column elementor-col-50 elementor-top-column elementor-element elementor-element-30ce5c6\" data-id=\"30ce5c6\" data-element_type=\"column\" data-e-type=\"column\">\n\t\t\t<div class=\"elementor-widget-wrap elementor-element-populated\">\n\t\t\t\t\t\t<div class=\"elementor-element elementor-element-ff8cc38 elementor-widget__width-initial elementor-widget elementor-widget-image\" data-id=\"ff8cc38\" data-element_type=\"widget\" data-e-type=\"widget\" data-widget_type=\"image.default\">\n\t\t\t\t<div class=\"elementor-widget-container\">\n\t\t\t\t\t\t\t\t\t\t\t\t\t\t\t<img decoding=\"async\" width=\"228\" height=\"113\" src=\"https:\/\/www.kouros-investment.com\/wp-content\/uploads\/2024\/02\/molecule-H2.jpg\" class=\"attachment-full size-full wp-image-14003\" alt=\"\" loading=\"eager\" \/>\t\t\t\t\t\t\t\t\t\t\t\t\t\t\t<\/div>\n\t\t\t\t<\/div>\n\t\t\t\t\t<\/div>\n\t\t<\/div>\n\t\t\t\t\t<\/div>\n\t\t<\/section>\n\t\t\t\t<section class=\"elementor-section elementor-top-section elementor-element elementor-element-a8e6968 elementor-section-full_width elementor-section-stretched qodef-elementor-content-grid elementor-section-height-default elementor-section-height-default qodef-vertical-text-holder-no\" data-id=\"a8e6968\" data-element_type=\"section\" data-e-type=\"section\" data-settings=\"{&quot;stretch_section&quot;:&quot;section-stretched&quot;,&quot;background_background&quot;:&quot;classic&quot;}\">\n\t\t\t\t\t\t<div class=\"elementor-container elementor-column-gap-default\">\n\t\t\t\t\t<div class=\"elementor-column elementor-col-100 elementor-top-column elementor-element elementor-element-7ead33d\" data-id=\"7ead33d\" data-element_type=\"column\" data-e-type=\"column\">\n\t\t\t<div class=\"elementor-widget-wrap elementor-element-populated\">\n\t\t\t\t\t\t<div class=\"elementor-element elementor-element-0ca763b elementor-widget elementor-widget-text-editor\" data-id=\"0ca763b\" data-element_type=\"widget\" data-e-type=\"widget\" data-widget_type=\"text-editor.default\">\n\t\t\t\t<div class=\"elementor-widget-container\">\n\t\t\t\t\t\t\t\t\tL\u2019hydrog\u00e8ne vert est produit par diff\u00e9rents proc\u00e9d\u00e9s, notamment par \u00e9lectrolyse de l\u2019eau \u00e0 partir d\u2019\u00e9lectricit\u00e9 verte ou par pyrolyse de la biomasse.\n \nL\u2019hydrog\u00e8ne est ensuite utilis\u00e9 seul ou diff\u00e9rentes formes (ammoniac, m\u00e9thanol, \u2026) en particulier dans des piles \u00e0 combustible, o\u00f9 recombin\u00e9 \u00e0 l\u2019oxyg\u00e8ne de l\u2019air, il est transform\u00e9 en eau et en \u00e9lectricit\u00e9. \t\t\t\t\t\t\t\t<\/div>\n\t\t\t\t<\/div>\n\t\t\t\t\t<\/div>\n\t\t<\/div>\n\t\t\t\t\t<\/div>\n\t\t<\/section>\n\t\t\t\t<section class=\"elementor-section elementor-top-section elementor-element elementor-element-7530d9b elementor-section-full_width elementor-section-stretched qodef-elementor-content-grid elementor-section-content-middle elementor-section-height-default elementor-section-height-default qodef-vertical-text-holder-no\" data-id=\"7530d9b\" data-element_type=\"section\" data-e-type=\"section\" data-settings=\"{&quot;stretch_section&quot;:&quot;section-stretched&quot;,&quot;background_background&quot;:&quot;classic&quot;}\">\n\t\t\t\t\t\t<div class=\"elementor-container elementor-column-gap-default\">\n\t\t\t\t\t<div class=\"elementor-column elementor-col-50 elementor-top-column elementor-element elementor-element-a92171a\" data-id=\"a92171a\" data-element_type=\"column\" data-e-type=\"column\">\n\t\t\t<div class=\"elementor-widget-wrap elementor-element-populated\">\n\t\t\t\t\t\t<div class=\"elementor-element elementor-element-1c9db07 elementor-widget elementor-widget-image\" data-id=\"1c9db07\" data-element_type=\"widget\" data-e-type=\"widget\" data-widget_type=\"image.default\">\n\t\t\t\t<div class=\"elementor-widget-container\">\n\t\t\t\t\t\t\t\t\t\t\t\t\t\t\t<img fetchpriority=\"high\" decoding=\"async\" width=\"433\" height=\"322\" src=\"https:\/\/www.kouros-investment.com\/wp-content\/uploads\/2024\/02\/NAWAtrode.png\" class=\"attachment-full size-full wp-image-14005\" alt=\"\" srcset=\"https:\/\/www.kouros-investment.com\/wp-content\/uploads\/2024\/02\/NAWAtrode.png 433w, https:\/\/www.kouros-investment.com\/wp-content\/uploads\/2024\/02\/NAWAtrode-300x223.png 300w\" sizes=\"(max-width: 433px) 100vw, 433px\" loading=\"eager\" \/>\t\t\t\t\t\t\t\t\t\t\t\t\t\t\t<\/div>\n\t\t\t\t<\/div>\n\t\t\t\t\t<\/div>\n\t\t<\/div>\n\t\t\t\t<div class=\"elementor-column elementor-col-50 elementor-top-column elementor-element elementor-element-0c9828c\" data-id=\"0c9828c\" data-element_type=\"column\" data-e-type=\"column\">\n\t\t\t<div class=\"elementor-widget-wrap elementor-element-populated\">\n\t\t\t\t\t\t<div class=\"elementor-element elementor-element-ad78674 elementor-widget elementor-widget-image\" data-id=\"ad78674\" data-element_type=\"widget\" data-e-type=\"widget\" data-widget_type=\"image.default\">\n\t\t\t\t<div class=\"elementor-widget-container\">\n\t\t\t\t\t\t\t\t\t\t\t\t\t\t\t<img decoding=\"async\" width=\"706\" height=\"183\" src=\"https:\/\/www.kouros-investment.com\/wp-content\/uploads\/2023\/05\/Nawa-logo.jpg\" class=\"attachment-full size-full wp-image-13855\" alt=\"Nawa\" srcset=\"https:\/\/www.kouros-investment.com\/wp-content\/uploads\/2023\/05\/Nawa-logo.jpg 706w, https:\/\/www.kouros-investment.com\/wp-content\/uploads\/2023\/05\/Nawa-logo-300x78.jpg 300w\" sizes=\"(max-width: 706px) 100vw, 706px\" loading=\"eager\" \/>\t\t\t\t\t\t\t\t\t\t\t\t\t\t\t<\/div>\n\t\t\t\t<\/div>\n\t\t\t\t<div class=\"elementor-element elementor-element-f31814b elementor-widget elementor-widget-text-editor\" data-id=\"f31814b\" data-element_type=\"widget\" data-e-type=\"widget\" data-widget_type=\"text-editor.default\">\n\t\t\t\t<div class=\"elementor-widget-container\">\n\t\t\t\t\t\t\t\t\t<p>Depuis octobre 2023, Kouros Lab apporte \u00e0 NAWA son expertise technique dans le domaine de piles \u00e0 combustible.<\/p><p>NAWA, leader mondial des nanomat\u00e9riaux carbon\u00e9s, d\u00e9veloppe NAWATrode-FC une \u00e9lectrode de nouvelle g\u00e9n\u00e9ration pour piles \u00e0 combustible PEM combinant nanoparticules de platine et nanotubes de carbone verticalement align\u00e9s et offrant un gain de performances de plus de 20 %.<\/p><p>Kouros Lab aide NAWA pour le passage de l\u2019\u00e9lectrode \u00e0 la MEA puis \u00e0 la pile en r\u00e9alisant notamment des essais et caract\u00e9risation de performances de pile int\u00e9grant NAWATrode-FC.<\/p>\t\t\t\t\t\t\t\t<\/div>\n\t\t\t\t<\/div>\n\t\t\t\t<div class=\"elementor-element elementor-element-36cf527 elementor-widget elementor-widget-biotellus_core_button\" data-id=\"36cf527\" data-element_type=\"widget\" data-e-type=\"widget\" data-widget_type=\"biotellus_core_button.default\">\n\t\t\t\t<div class=\"elementor-widget-container\">\n\t\t\t\t\t<a class=\"qodef-shortcode qodef-m  qodef-button qodef-layout--textual  qodef-html--link\" href=\"https:\/\/www.nawatechnologies.com\/\" target=\"_blank\"  >\n\t<span class=\"qodef-m-text\">NAWATECHNOLOGIES.COM<\/span>\n<\/a>\n\t\t\t\t<\/div>\n\t\t\t\t<\/div>\n\t\t\t\t\t<\/div>\n\t\t<\/div>\n\t\t\t\t\t<\/div>\n\t\t<\/section>\n\t\t\t\t<section class=\"elementor-section elementor-top-section elementor-element elementor-element-7b6e24c elementor-section-full_width elementor-section-stretched qodef-elementor-content-grid elementor-section-content-middle elementor-section-height-default elementor-section-height-default qodef-vertical-text-holder-no\" data-id=\"7b6e24c\" data-element_type=\"section\" data-e-type=\"section\" data-settings=\"{&quot;stretch_section&quot;:&quot;section-stretched&quot;,&quot;background_background&quot;:&quot;classic&quot;}\">\n\t\t\t\t\t\t<div class=\"elementor-container elementor-column-gap-default\">\n\t\t\t\t\t<div class=\"elementor-column elementor-col-50 elementor-top-column elementor-element elementor-element-c1988ab\" data-id=\"c1988ab\" data-element_type=\"column\" data-e-type=\"column\">\n\t\t\t<div class=\"elementor-widget-wrap elementor-element-populated\">\n\t\t\t\t\t\t<div class=\"elementor-element elementor-element-208ab53 elementor-widget elementor-widget-text-editor\" data-id=\"208ab53\" data-element_type=\"widget\" data-e-type=\"widget\" data-widget_type=\"text-editor.default\">\n\t\t\t\t<div class=\"elementor-widget-container\">\n\t\t\t\t\t\t\t\t\t<h3><span style=\"color: #083e61;\"><b>Syngas<\/b><\/span><\/h3>\t\t\t\t\t\t\t\t<\/div>\n\t\t\t\t<\/div>\n\t\t\t\t\t<\/div>\n\t\t<\/div>\n\t\t\t\t<div class=\"elementor-column elementor-col-50 elementor-top-column elementor-element elementor-element-2c98c39\" data-id=\"2c98c39\" data-element_type=\"column\" data-e-type=\"column\">\n\t\t\t<div class=\"elementor-widget-wrap elementor-element-populated\">\n\t\t\t\t\t\t<div class=\"elementor-element elementor-element-957e893 elementor-widget elementor-widget-image\" data-id=\"957e893\" data-element_type=\"widget\" data-e-type=\"widget\" data-widget_type=\"image.default\">\n\t\t\t\t<div class=\"elementor-widget-container\">\n\t\t\t\t\t\t\t\t\t\t\t\t\t\t\t<img decoding=\"async\" width=\"500\" height=\"113\" src=\"https:\/\/www.kouros-investment.com\/wp-content\/uploads\/2023\/03\/CO-H2-1-2-syngas.jpg\" class=\"attachment-full size-full wp-image-13556\" alt=\"\" srcset=\"https:\/\/www.kouros-investment.com\/wp-content\/uploads\/2023\/03\/CO-H2-1-2-syngas.jpg 500w, https:\/\/www.kouros-investment.com\/wp-content\/uploads\/2023\/03\/CO-H2-1-2-syngas-300x68.jpg 300w\" sizes=\"(max-width: 500px) 100vw, 500px\" loading=\"eager\" \/>\t\t\t\t\t\t\t\t\t\t\t\t\t\t\t<\/div>\n\t\t\t\t<\/div>\n\t\t\t\t\t<\/div>\n\t\t<\/div>\n\t\t\t\t\t<\/div>\n\t\t<\/section>\n\t\t\t\t<section class=\"elementor-section elementor-top-section elementor-element elementor-element-4baae5d elementor-section-full_width elementor-section-stretched qodef-elementor-content-grid elementor-section-height-default elementor-section-height-default qodef-vertical-text-holder-no\" data-id=\"4baae5d\" data-element_type=\"section\" data-e-type=\"section\" data-settings=\"{&quot;stretch_section&quot;:&quot;section-stretched&quot;,&quot;background_background&quot;:&quot;classic&quot;}\">\n\t\t\t\t\t\t<div class=\"elementor-container elementor-column-gap-default\">\n\t\t\t\t\t<div class=\"elementor-column elementor-col-100 elementor-top-column elementor-element elementor-element-99e2495\" data-id=\"99e2495\" data-element_type=\"column\" data-e-type=\"column\">\n\t\t\t<div class=\"elementor-widget-wrap elementor-element-populated\">\n\t\t\t\t\t\t<div class=\"elementor-element elementor-element-acbffe2 elementor-widget elementor-widget-text-editor\" data-id=\"acbffe2\" data-element_type=\"widget\" data-e-type=\"widget\" data-widget_type=\"text-editor.default\">\n\t\t\t\t<div class=\"elementor-widget-container\">\n\t\t\t\t\t\t\t\t\t<p>Le syngas ou gaz de synth\u00e8se est un m\u00e9lange de CO, H2, CO2 et CH4. Le syngas est produit par pyrolyse de la biomasse ou de d\u00e9chets.<\/p><p>Le syngas est amen\u00e9 \u00e0 jouer un r\u00f4le majeur dans la transition \u00e9nerg\u00e9tique car il offre une alternative rare et pr\u00e9cieuse pour d\u00e9carboner efficacement l&rsquo;industrie en rempla\u00e7ant le gaz naturel. Purifi\u00e9 en hydrog\u00e8ne, le syngas permet de proposer un carburant renouvelable disponible localement dans les territoires.<\/p><p>Kouros Lab travaille en lien \u00e9troit avec Carbonloop (Groupe Kouros), producteur de syngas et d\u2019hydrog\u00e8ne par pyrolyse de biomasse.<\/p>\t\t\t\t\t\t\t\t<\/div>\n\t\t\t\t<\/div>\n\t\t\t\t\t<\/div>\n\t\t<\/div>\n\t\t\t\t\t<\/div>\n\t\t<\/section>\n\t\t\t\t<section class=\"elementor-section elementor-top-section elementor-element elementor-element-83bff08 elementor-section-full_width elementor-section-stretched qodef-elementor-content-grid elementor-section-content-middle elementor-section-height-default elementor-section-height-default qodef-vertical-text-holder-no\" data-id=\"83bff08\" data-element_type=\"section\" data-e-type=\"section\" data-settings=\"{&quot;stretch_section&quot;:&quot;section-stretched&quot;,&quot;background_background&quot;:&quot;classic&quot;}\">\n\t\t\t\t\t\t<div class=\"elementor-container elementor-column-gap-default\">\n\t\t\t\t\t<div class=\"elementor-column elementor-col-50 elementor-top-column elementor-element elementor-element-3a070e5\" data-id=\"3a070e5\" data-element_type=\"column\" data-e-type=\"column\">\n\t\t\t<div class=\"elementor-widget-wrap elementor-element-populated\">\n\t\t\t\t\t\t<div class=\"elementor-element elementor-element-4acbe5e elementor-widget elementor-widget-image\" data-id=\"4acbe5e\" data-element_type=\"widget\" data-e-type=\"widget\" data-widget_type=\"image.default\">\n\t\t\t\t<div class=\"elementor-widget-container\">\n\t\t\t\t\t\t\t\t\t\t\t\t\t\t\t<img decoding=\"async\" width=\"960\" height=\"1015\" src=\"https:\/\/www.kouros-investment.com\/wp-content\/uploads\/2023\/04\/H2Site-2-1.jpg\" class=\"attachment-full size-full wp-image-13655\" alt=\"H2Site\" srcset=\"https:\/\/www.kouros-investment.com\/wp-content\/uploads\/2023\/04\/H2Site-2-1.jpg 960w, https:\/\/www.kouros-investment.com\/wp-content\/uploads\/2023\/04\/H2Site-2-1-284x300.jpg 284w, https:\/\/www.kouros-investment.com\/wp-content\/uploads\/2023\/04\/H2Site-2-1-768x812.jpg 768w\" sizes=\"(max-width: 960px) 100vw, 960px\" loading=\"eager\" \/>\t\t\t\t\t\t\t\t\t\t\t\t\t\t\t<\/div>\n\t\t\t\t<\/div>\n\t\t\t\t\t<\/div>\n\t\t<\/div>\n\t\t\t\t<div class=\"elementor-column elementor-col-50 elementor-top-column elementor-element elementor-element-6d884e3\" data-id=\"6d884e3\" data-element_type=\"column\" data-e-type=\"column\">\n\t\t\t<div class=\"elementor-widget-wrap elementor-element-populated\">\n\t\t\t\t\t\t<div class=\"elementor-element elementor-element-26dcb20 elementor-widget elementor-widget-image\" data-id=\"26dcb20\" data-element_type=\"widget\" data-e-type=\"widget\" data-widget_type=\"image.default\">\n\t\t\t\t<div class=\"elementor-widget-container\">\n\t\t\t\t\t\t\t\t\t\t\t\t\t\t\t<img decoding=\"async\" width=\"546\" height=\"242\" src=\"https:\/\/www.kouros-investment.com\/wp-content\/uploads\/2023\/04\/H2site-logo.jpg\" class=\"attachment-full size-full wp-image-13577\" alt=\"\" srcset=\"https:\/\/www.kouros-investment.com\/wp-content\/uploads\/2023\/04\/H2site-logo.jpg 546w, https:\/\/www.kouros-investment.com\/wp-content\/uploads\/2023\/04\/H2site-logo-300x133.jpg 300w\" sizes=\"(max-width: 546px) 100vw, 546px\" loading=\"eager\" \/>\t\t\t\t\t\t\t\t\t\t\t\t\t\t\t<\/div>\n\t\t\t\t<\/div>\n\t\t\t\t<div class=\"elementor-element elementor-element-269a7ed elementor-widget elementor-widget-text-editor\" data-id=\"269a7ed\" data-element_type=\"widget\" data-e-type=\"widget\" data-widget_type=\"text-editor.default\">\n\t\t\t\t<div class=\"elementor-widget-container\">\n\t\t\t\t\t\t\t\t\t<p>En 2023, Kouros Lab a sign\u00e9 un partenariat avec H2Site, une startup espagnole en pointe dans le domaine de la s\u00e9paration membranaire.<\/p>\n<p>H2Site va ainsi d\u00e9velopper et livrer \u00e0 Kouros Lab un prototype de r\u00e9acteur destin\u00e9 \u00e0 \u00eatre install\u00e9 et test\u00e9 sur la plateforme d\u2019essais de Kouros Lab d\u2019ici la fin du 1er trimestre 2024.<\/p>\t\t\t\t\t\t\t\t<\/div>\n\t\t\t\t<\/div>\n\t\t\t\t<div class=\"elementor-element elementor-element-4ab6529 elementor-widget elementor-widget-biotellus_core_button\" data-id=\"4ab6529\" data-element_type=\"widget\" data-e-type=\"widget\" data-widget_type=\"biotellus_core_button.default\">\n\t\t\t\t<div class=\"elementor-widget-container\">\n\t\t\t\t\t<a class=\"qodef-shortcode qodef-m  qodef-button qodef-layout--textual  qodef-html--link\" href=\"https:\/\/h2site.eu\" target=\"_blank\"  >\n\t<span class=\"qodef-m-text\">H2SITE.EU<\/span>\n<\/a>\n\t\t\t\t<\/div>\n\t\t\t\t<\/div>\n\t\t\t\t\t<\/div>\n\t\t<\/div>\n\t\t\t\t\t<\/div>\n\t\t<\/section>\n\t\t\t\t<\/div>\n\t\t","protected":false},"excerpt":{"rendered":"<p>Kouros LAB La lutte contre le changement climatique requiert des innovations technologiques pour rendre possible la d\u00e9carbonation de l\u2019\u00e9conomie, am\u00e9liorer l\u2019efficacit\u00e9 des proc\u00e9d\u00e9s de production, de transport, de distribution et d\u2019utilisation de l\u2019\u00e9nergie et en diminuer drastiquement leurs co\u00fbts. Afin de soutenir l&rsquo;innovation et d&rsquo;anticiper les prochaines ruptures technologiques et infrastructures de demain, Kouros a [&hellip;]<\/p>\n","protected":false},"author":1,"featured_media":0,"parent":0,"menu_order":0,"comment_status":"closed","ping_status":"closed","template":"","meta":{"footnotes":""},"class_list":["post-13680","page","type-page","status-publish","hentry"],"aioseo_notices":[],"_links":{"self":[{"href":"https:\/\/www.kouros-investment.com\/fr\/wp-json\/wp\/v2\/pages\/13680","targetHints":{"allow":["GET"]}}],"collection":[{"href":"https:\/\/www.kouros-investment.com\/fr\/wp-json\/wp\/v2\/pages"}],"about":[{"href":"https:\/\/www.kouros-investment.com\/fr\/wp-json\/wp\/v2\/types\/page"}],"author":[{"embeddable":true,"href":"https:\/\/www.kouros-investment.com\/fr\/wp-json\/wp\/v2\/users\/1"}],"replies":[{"embeddable":true,"href":"https:\/\/www.kouros-investment.com\/fr\/wp-json\/wp\/v2\/comments?post=13680"}],"version-history":[{"count":15,"href":"https:\/\/www.kouros-investment.com\/fr\/wp-json\/wp\/v2\/pages\/13680\/revisions"}],"predecessor-version":[{"id":14019,"href":"https:\/\/www.kouros-investment.com\/fr\/wp-json\/wp\/v2\/pages\/13680\/revisions\/14019"}],"wp:attachment":[{"href":"https:\/\/www.kouros-investment.com\/fr\/wp-json\/wp\/v2\/media?parent=13680"}],"curies":[{"name":"wp","href":"https:\/\/api.w.org\/{rel}","templated":true}]}}