{"id":10923,"date":"2022-10-25T09:51:58","date_gmt":"2022-10-25T07:51:58","guid":{"rendered":"https:\/\/kouros-investment.com\/?page_id=10923"},"modified":"2024-01-25T12:05:50","modified_gmt":"2024-01-25T11:05:50","slug":"kouros-entrepreneur","status":"publish","type":"page","link":"https:\/\/www.kouros-investment.com\/fr\/kouros-entrepreneur\/","title":{"rendered":"Entrepreneur"},"content":{"rendered":"\t\t<div data-elementor-type=\"wp-page\" data-elementor-id=\"10923\" class=\"elementor elementor-10923\">\n\t\t\t\t\t\t<section class=\"elementor-section elementor-inner-section elementor-element elementor-element-d189473 elementor-section-full_width qodef-elementor-content-grid elementor-section-height-default elementor-section-height-default qodef-vertical-text-holder-no\" data-id=\"d189473\" data-element_type=\"section\" data-e-type=\"section\">\n\t\t\t\t\t\t<div class=\"elementor-container elementor-column-gap-default\">\n\t\t\t\t\t<div class=\"elementor-column elementor-col-100 elementor-inner-column elementor-element elementor-element-9e2cd2a\" data-id=\"9e2cd2a\" data-element_type=\"column\" data-e-type=\"column\">\n\t\t\t<div class=\"elementor-widget-wrap elementor-element-populated\">\n\t\t\t\t\t\t<div class=\"elementor-element elementor-element-6de7441 elementor-widget elementor-widget-biotellus_core_section_title\" data-id=\"6de7441\" data-element_type=\"widget\" data-e-type=\"widget\" data-widget_type=\"biotellus_core_section_title.default\">\n\t\t\t\t<div class=\"elementor-widget-container\">\n\t\t\t\t\t<div class=\"qodef-shortcode qodef-m  qodef-section-title qodef-alignment--left   \">\n    <div class=\"qodef-title-wrapper\">\n        \t<p class=\"qodef-m-subtitle\" >\n        Kouros, entrepreneur    <\/p>\n            <\/div>\n    \t<\/div>\n\t\t\t\t<\/div>\n\t\t\t\t<\/div>\n\t\t\t\t<div class=\"elementor-element elementor-element-d64adaf elementor-widget elementor-widget-text-editor\" data-id=\"d64adaf\" data-element_type=\"widget\" data-e-type=\"widget\" data-widget_type=\"text-editor.default\">\n\t\t\t\t<div class=\"elementor-widget-container\">\n\t\t\t\t\t\t\t\t\t<h3>En parall\u00e8le de son <span style=\"color: #94cd18;\">activit\u00e9 d&rsquo;investisseur<\/span>, et <i style=\"color: #666;\">gr\u00e2ce au soutien de son fondateur<\/i>, \u00e0 la <i style=\"color: #666;\">pluridisciplinarit\u00e9 de ses \u00e9quipes et \u00e0 la richesse de son r\u00e9seau<\/i> de partenaires, <span style=\"color: #94cd18;\">Kouros est \u00e9galement entrepreneur.<\/span><\/h3>\t\t\t\t\t\t\t\t<\/div>\n\t\t\t\t<\/div>\n\t\t\t\t<div class=\"elementor-element elementor-element-966ba38 elementor-widget elementor-widget-text-editor\" data-id=\"966ba38\" data-element_type=\"widget\" data-e-type=\"widget\" data-widget_type=\"text-editor.default\">\n\t\t\t\t<div class=\"elementor-widget-container\">\n\t\t\t\t\t\t\t\t\t<h5>Kouros imagine ainsi de nouvelles id\u00e9es, de nouveaux projets qui \u00e0 l&rsquo;issue d&rsquo;un processus interne d&rsquo;incubation, peuvent donner lieu \u00e0 de nouvelles activit\u00e9s et soci\u00e9t\u00e9s.<\/h5>\t\t\t\t\t\t\t\t<\/div>\n\t\t\t\t<\/div>\n\t\t\t\t\t<\/div>\n\t\t<\/div>\n\t\t\t\t\t<\/div>\n\t\t<\/section>\n\t\t\t\t<section class=\"elementor-section elementor-top-section elementor-element elementor-element-7d77a16c elementor-section-full_width elementor-section-content-middle elementor-section-stretched elementor-section-height-default elementor-section-height-default qodef-elementor-content-no qodef-vertical-text-holder-no\" data-id=\"7d77a16c\" data-element_type=\"section\" data-e-type=\"section\" data-settings=\"{&quot;stretch_section&quot;:&quot;section-stretched&quot;}\">\n\t\t\t\t\t\t<div class=\"elementor-container elementor-column-gap-default\">\n\t\t\t\t\t<div class=\"elementor-column elementor-col-100 elementor-top-column elementor-element elementor-element-6bed33a1\" data-id=\"6bed33a1\" data-element_type=\"column\" data-e-type=\"column\">\n\t\t\t<div class=\"elementor-widget-wrap\">\n\t\t\t\t\t\t\t<\/div>\n\t\t<\/div>\n\t\t\t\t\t<\/div>\n\t\t<\/section>\n\t\t\t\t<section class=\"elementor-section elementor-top-section elementor-element elementor-element-c7645e2 elementor-section-full_width elementor-section-content-middle elementor-section-stretched elementor-reverse-mobile elementor-section-height-default elementor-section-height-default qodef-elementor-content-no qodef-vertical-text-holder-no\" data-id=\"c7645e2\" data-element_type=\"section\" data-e-type=\"section\" data-settings=\"{&quot;stretch_section&quot;:&quot;section-stretched&quot;}\">\n\t\t\t\t\t\t<div class=\"elementor-container elementor-column-gap-default\">\n\t\t\t\t\t<div class=\"elementor-column elementor-col-50 elementor-top-column elementor-element elementor-element-b2c4864\" data-id=\"b2c4864\" data-element_type=\"column\" data-e-type=\"column\">\n\t\t\t<div class=\"elementor-widget-wrap elementor-element-populated\">\n\t\t\t\t\t\t<div class=\"elementor-element elementor-element-f70aa7f elementor-widget elementor-widget-image\" data-id=\"f70aa7f\" data-element_type=\"widget\" data-e-type=\"widget\" data-widget_type=\"image.default\">\n\t\t\t\t<div class=\"elementor-widget-container\">\n\t\t\t\t\t\t\t\t\t\t\t\t\t\t\t<img decoding=\"async\" width=\"300\" height=\"94\" src=\"https:\/\/www.kouros-investment.com\/wp-content\/uploads\/2022\/10\/carbonloop-300x94.png\" class=\"attachment-medium size-medium wp-image-10943\" alt=\"\" srcset=\"https:\/\/www.kouros-investment.com\/wp-content\/uploads\/2022\/10\/carbonloop-300x94.png 300w, https:\/\/www.kouros-investment.com\/wp-content\/uploads\/2022\/10\/carbonloop-768x240.png 768w, https:\/\/www.kouros-investment.com\/wp-content\/uploads\/2022\/10\/carbonloop.png 1000w\" sizes=\"(max-width: 300px) 100vw, 300px\" loading=\"eager\" \/>\t\t\t\t\t\t\t\t\t\t\t\t\t\t\t<\/div>\n\t\t\t\t<\/div>\n\t\t\t\t<div class=\"elementor-element elementor-element-8e5588e elementor-widget elementor-widget-text-editor\" data-id=\"8e5588e\" data-element_type=\"widget\" data-e-type=\"widget\" data-widget_type=\"text-editor.default\">\n\t\t\t\t<div class=\"elementor-widget-container\">\n\t\t\t\t\t\t\t\t\t<p><strong>Carbonloop offre un service de d\u00e9carbonation pour les clients industriels en leur proposant une fourniture de gaz renouvelable produit sur place et au bilan carbone n\u00e9gatif par le biais d&rsquo;une co-production de biochar, puit de carbone certifi\u00e9.<\/strong> Carbonloop produit \u00e9galement de l&rsquo;hydrog\u00e8ne renouvelable et carbone n\u00e9gatif avec le m\u00eame proc\u00e9d\u00e9.<\/p><p>Carbonloop vise en 2030 la d\u00e9carbonation de 1 million de tonnes de CO2 par an et une pr\u00e9sence sur une centaine de sites industriels en Europe.<\/p>\t\t\t\t\t\t\t\t<\/div>\n\t\t\t\t<\/div>\n\t\t\t\t<div class=\"elementor-element elementor-element-9977879 elementor-widget elementor-widget-biotellus_core_button\" data-id=\"9977879\" data-element_type=\"widget\" data-e-type=\"widget\" data-widget_type=\"biotellus_core_button.default\">\n\t\t\t\t<div class=\"elementor-widget-container\">\n\t\t\t\t\t<a class=\"qodef-shortcode qodef-m  qodef-button qodef-layout--textual  qodef-html--link\" href=\"https:\/\/carbonloop.energy\" target=\"_blank\"  >\n\t<span class=\"qodef-m-text\">carbonloop.energy<\/span>\n<\/a>\n\t\t\t\t<\/div>\n\t\t\t\t<\/div>\n\t\t\t\t\t<\/div>\n\t\t<\/div>\n\t\t\t\t<div class=\"elementor-column elementor-col-50 elementor-top-column elementor-element elementor-element-d64eb14\" data-id=\"d64eb14\" data-element_type=\"column\" data-e-type=\"column\" data-settings=\"{&quot;background_background&quot;:&quot;classic&quot;}\">\n\t\t\t<div class=\"elementor-widget-wrap elementor-element-populated\">\n\t\t\t\t\t\t<div class=\"elementor-element elementor-element-2aad791 elementor-widget elementor-widget-image\" data-id=\"2aad791\" data-element_type=\"widget\" data-e-type=\"widget\" data-widget_type=\"image.default\">\n\t\t\t\t<div class=\"elementor-widget-container\">\n\t\t\t\t\t\t\t\t\t\t\t\t\t\t\t\t<a href=\"https:\/\/kouros-investment.com\/wp-content\/uploads\/2022\/10\/schema-carbonloop-scaled.jpg\" data-elementor-open-lightbox=\"yes\" data-elementor-lightbox-title=\"schema-carbonloop\" data-e-action-hash=\"#elementor-action%3Aaction%3Dlightbox%26settings%3DeyJpZCI6MTA5NjEsInVybCI6Imh0dHBzOlwvXC93d3cua291cm9zLWludmVzdG1lbnQuY29tXC93cC1jb250ZW50XC91cGxvYWRzXC8yMDIyXC8xMFwvc2NoZW1hLWNhcmJvbmxvb3Atc2NhbGVkLmpwZyJ9\">\n\t\t\t\t\t\t\t<img fetchpriority=\"high\" decoding=\"async\" width=\"1920\" height=\"1097\" src=\"https:\/\/www.kouros-investment.com\/wp-content\/uploads\/2022\/10\/schema-carbonloop-scaled.jpg\" class=\"attachment-full size-full wp-image-10961\" alt=\"\" srcset=\"https:\/\/www.kouros-investment.com\/wp-content\/uploads\/2022\/10\/schema-carbonloop-scaled.jpg 1920w, https:\/\/www.kouros-investment.com\/wp-content\/uploads\/2022\/10\/schema-carbonloop-300x171.jpg 300w, https:\/\/www.kouros-investment.com\/wp-content\/uploads\/2022\/10\/schema-carbonloop-1024x585.jpg 1024w, https:\/\/www.kouros-investment.com\/wp-content\/uploads\/2022\/10\/schema-carbonloop-768x439.jpg 768w, https:\/\/www.kouros-investment.com\/wp-content\/uploads\/2022\/10\/schema-carbonloop-1536x878.jpg 1536w, https:\/\/www.kouros-investment.com\/wp-content\/uploads\/2022\/10\/schema-carbonloop-2048x1171.jpg 2048w\" sizes=\"(max-width: 1920px) 100vw, 1920px\" loading=\"eager\" \/>\t\t\t\t\t\t\t\t<\/a>\n\t\t\t\t\t\t\t\t\t\t\t\t\t\t\t<\/div>\n\t\t\t\t<\/div>\n\t\t\t\t\t<\/div>\n\t\t<\/div>\n\t\t\t\t\t<\/div>\n\t\t<\/section>\n\t\t\t\t<section class=\"elementor-section elementor-top-section elementor-element elementor-element-db054d8 elementor-section-full_width elementor-section-content-middle elementor-section-stretched elementor-section-height-default elementor-section-height-default qodef-elementor-content-no qodef-vertical-text-holder-no\" data-id=\"db054d8\" data-element_type=\"section\" data-e-type=\"section\" data-settings=\"{&quot;stretch_section&quot;:&quot;section-stretched&quot;}\">\n\t\t\t\t\t\t<div class=\"elementor-container elementor-column-gap-default\">\n\t\t\t\t\t<div class=\"elementor-column elementor-col-50 elementor-top-column elementor-element elementor-element-6b100e8\" data-id=\"6b100e8\" data-element_type=\"column\" data-e-type=\"column\" data-settings=\"{&quot;background_background&quot;:&quot;classic&quot;}\">\n\t\t\t<div class=\"elementor-widget-wrap elementor-element-populated\">\n\t\t\t\t\t\t<div class=\"elementor-element elementor-element-0344dfe elementor-widget elementor-widget-spacer\" data-id=\"0344dfe\" data-element_type=\"widget\" data-e-type=\"widget\" data-widget_type=\"spacer.default\">\n\t\t\t\t<div class=\"elementor-widget-container\">\n\t\t\t\t\t\t\t<div class=\"elementor-spacer\">\n\t\t\t<div class=\"elementor-spacer-inner\"><\/div>\n\t\t<\/div>\n\t\t\t\t\t\t<\/div>\n\t\t\t\t<\/div>\n\t\t\t\t\t<\/div>\n\t\t<\/div>\n\t\t\t\t<div class=\"elementor-column elementor-col-50 elementor-top-column elementor-element elementor-element-5cd918d\" data-id=\"5cd918d\" data-element_type=\"column\" data-e-type=\"column\">\n\t\t\t<div class=\"elementor-widget-wrap elementor-element-populated\">\n\t\t\t\t\t\t<div class=\"elementor-element elementor-element-6526bb7 elementor-widget elementor-widget-image\" data-id=\"6526bb7\" data-element_type=\"widget\" data-e-type=\"widget\" data-widget_type=\"image.default\">\n\t\t\t\t<div class=\"elementor-widget-container\">\n\t\t\t\t\t\t\t\t\t\t\t\t\t\t\t<img decoding=\"async\" width=\"300\" height=\"89\" src=\"https:\/\/www.kouros-investment.com\/wp-content\/uploads\/2022\/10\/hyliko-300x89.png\" class=\"attachment-medium size-medium wp-image-10591\" alt=\"\" srcset=\"https:\/\/www.kouros-investment.com\/wp-content\/uploads\/2022\/10\/hyliko-300x89.png 300w, https:\/\/www.kouros-investment.com\/wp-content\/uploads\/2022\/10\/hyliko.png 521w\" sizes=\"(max-width: 300px) 100vw, 300px\" loading=\"eager\" \/>\t\t\t\t\t\t\t\t\t\t\t\t\t\t\t<\/div>\n\t\t\t\t<\/div>\n\t\t\t\t<div class=\"elementor-element elementor-element-b1467b8 elementor-widget elementor-widget-text-editor\" data-id=\"b1467b8\" data-element_type=\"widget\" data-e-type=\"widget\" data-widget_type=\"text-editor.default\">\n\t\t\t\t<div class=\"elementor-widget-container\">\n\t\t\t\t\t\t\t\t\t<p><strong>Hyliko d\u00e9ploie un service de d\u00e9carbonation des flottes de poids lourds, au travers d&rsquo;une plateforme de mobilit\u00e9 hydrog\u00e8ne proposant une offre int\u00e9grant leasing et entretien des v\u00e9hicules, fourniture d&rsquo;hydrog\u00e8ne dans son r\u00e9seau de station et gestion et certification de l&#8217;empreinte carbone.<\/strong> Afin de r\u00e9duire significativement les surco\u00fbts li\u00e9s au passage \u00e0 l&rsquo;hydrog\u00e8ne, Hyliko s&rsquo;appuie sur l&rsquo;hydrog\u00e8ne carbone n\u00e9gatif produit par Carbonloop \u00e0 partir de r\u00e9sidus de biomasse.<\/p><p>Hyliko vise en 2030 la d\u00e9carbonation de 1 million de tonnes de CO2 par an et 10 % du march\u00e9 europ\u00e9en des poids lourds hydrog\u00e8ne, soit environ 10 000 poids lourds et une centaine de stations-service.<\/p>\t\t\t\t\t\t\t\t<\/div>\n\t\t\t\t<\/div>\n\t\t\t\t<div class=\"elementor-element elementor-element-f522868 elementor-widget elementor-widget-biotellus_core_button\" data-id=\"f522868\" data-element_type=\"widget\" data-e-type=\"widget\" data-widget_type=\"biotellus_core_button.default\">\n\t\t\t\t<div class=\"elementor-widget-container\">\n\t\t\t\t\t<a class=\"qodef-shortcode qodef-m  qodef-button qodef-layout--textual  qodef-html--link\" href=\"https:\/\/hyliko.com\" target=\"_blank\"  >\n\t<span class=\"qodef-m-text\">hyliko.com<\/span>\n<\/a>\n\t\t\t\t<\/div>\n\t\t\t\t<\/div>\n\t\t\t\t\t<\/div>\n\t\t<\/div>\n\t\t\t\t\t<\/div>\n\t\t<\/section>\n\t\t\t\t<section class=\"elementor-section elementor-top-section elementor-element elementor-element-7ee677b elementor-section-full_width elementor-section-content-middle elementor-section-stretched elementor-reverse-mobile elementor-section-height-default elementor-section-height-default qodef-elementor-content-no qodef-vertical-text-holder-no\" data-id=\"7ee677b\" data-element_type=\"section\" data-e-type=\"section\" data-settings=\"{&quot;stretch_section&quot;:&quot;section-stretched&quot;}\">\n\t\t\t\t\t\t<div class=\"elementor-container elementor-column-gap-default\">\n\t\t\t\t\t<div class=\"elementor-column elementor-col-50 elementor-top-column elementor-element elementor-element-4ee0958\" data-id=\"4ee0958\" data-element_type=\"column\" data-e-type=\"column\">\n\t\t\t<div class=\"elementor-widget-wrap elementor-element-populated\">\n\t\t\t\t\t\t<div class=\"elementor-element elementor-element-7186efc elementor-widget elementor-widget-image\" data-id=\"7186efc\" data-element_type=\"widget\" data-e-type=\"widget\" data-widget_type=\"image.default\">\n\t\t\t\t<div class=\"elementor-widget-container\">\n\t\t\t\t\t\t\t\t\t\t\t\t\t\t\t<img decoding=\"async\" width=\"459\" height=\"80\" src=\"https:\/\/www.kouros-investment.com\/wp-content\/uploads\/2023\/05\/Hydrogen-Edge-1.png\" class=\"attachment-full size-full wp-image-13825\" alt=\"Hydrogen Edge\" srcset=\"https:\/\/www.kouros-investment.com\/wp-content\/uploads\/2023\/05\/Hydrogen-Edge-1.png 459w, https:\/\/www.kouros-investment.com\/wp-content\/uploads\/2023\/05\/Hydrogen-Edge-1-300x52.png 300w\" sizes=\"(max-width: 459px) 100vw, 459px\" loading=\"eager\" \/>\t\t\t\t\t\t\t\t\t\t\t\t\t\t\t<\/div>\n\t\t\t\t<\/div>\n\t\t\t\t<div class=\"elementor-element elementor-element-51220c2 elementor-widget elementor-widget-text-editor\" data-id=\"51220c2\" data-element_type=\"widget\" data-e-type=\"widget\" data-widget_type=\"text-editor.default\">\n\t\t\t\t<div class=\"elementor-widget-container\">\n\t\t\t\t\t\t\t\t\t<p><strong>Hydrogen\u00a0Edge\u00a0est la plateforme internationale de d\u00e9veloppement et d\u2019investissement de Kouros. Elle d\u00e9veloppe une approche globale portant sur la production d&rsquo;\u00e9lectricit\u00e9 renouvelable, la production massive d\u2019hydrog\u00e8ne et la commercialisation de l&rsquo;hydrog\u00e8ne et de ses d\u00e9riv\u00e9s.\u00a0<\/strong><\/p><p>Hydrogen\u00a0Edge\u00a0se concentre principalement sur les usages de l&rsquo;hydrog\u00e8ne produit \u00e0 tr\u00e8s grande \u00e9chelle, quels que soient leur forme ou leur utilisation : hydrog\u00e8ne, ammoniac, m\u00e9thanol et carburants durables pour l&rsquo;aviation (SAF).<br \/>Ces produits sont amen\u00e9s \u00e0 devenir les mati\u00e8res premi\u00e8res et les vecteurs \u00e9nerg\u00e9tiques d\u00e9carbon\u00e9s de l&rsquo;industrie, ainsi que les carburants d\u00e9carbon\u00e9s du transport maritime et de l&rsquo;aviation.\u00a0<\/p><p>Hydrogen\u00a0Edge\u00a0est \u00e0 la fois :<br \/>\u2713\u00a0\u00a0Une\u00a0plateforme de d\u00e9veloppement\u00a0d\u00e9di\u00e9e aux projets de production massive d\u2019hydrog\u00e8ne de Kouros<br \/>\u2713\u00a0\u00a0Une\u00a0plateforme d\u2019investissement\u00a0dans des soci\u00e9t\u00e9s et des projets tiers\u00a0\u00a0<\/p><p>L&rsquo;objectif d&rsquo;Hydrogen\u00a0Edge\u00a0est d&rsquo;atteindre 10 GW d&rsquo;\u00e9lectrolyse d&rsquo;ici 2030, ce qui repr\u00e9sente une production annuelle d&rsquo;environ 1 million de tonnes d&rsquo;hydrog\u00e8ne.<\/p>\t\t\t\t\t\t\t\t<\/div>\n\t\t\t\t<\/div>\n\t\t\t\t\t<\/div>\n\t\t<\/div>\n\t\t\t\t<div class=\"elementor-column elementor-col-50 elementor-top-column elementor-element elementor-element-cc478ac\" data-id=\"cc478ac\" data-element_type=\"column\" data-e-type=\"column\" data-settings=\"{&quot;background_background&quot;:&quot;classic&quot;}\">\n\t\t\t<div class=\"elementor-widget-wrap elementor-element-populated\">\n\t\t\t\t\t\t<div class=\"elementor-element elementor-element-1b53d67 elementor-widget elementor-widget-spacer\" data-id=\"1b53d67\" data-element_type=\"widget\" data-e-type=\"widget\" data-widget_type=\"spacer.default\">\n\t\t\t\t<div class=\"elementor-widget-container\">\n\t\t\t\t\t\t\t<div class=\"elementor-spacer\">\n\t\t\t<div class=\"elementor-spacer-inner\"><\/div>\n\t\t<\/div>\n\t\t\t\t\t\t<\/div>\n\t\t\t\t<\/div>\n\t\t\t\t\t<\/div>\n\t\t<\/div>\n\t\t\t\t\t<\/div>\n\t\t<\/section>\n\t\t\t\t<\/div>\n\t\t","protected":false},"excerpt":{"rendered":"<p>Kouros, entrepreneur En parall\u00e8le de son activit\u00e9 d&rsquo;investisseur, et gr\u00e2ce au soutien de son fondateur, \u00e0 la pluridisciplinarit\u00e9 de ses \u00e9quipes et \u00e0 la richesse de son r\u00e9seau de partenaires, Kouros est \u00e9galement entrepreneur. Kouros imagine ainsi de nouvelles id\u00e9es, de nouveaux projets qui \u00e0 l&rsquo;issue d&rsquo;un processus interne d&rsquo;incubation, peuvent donner lieu \u00e0 de [&hellip;]<\/p>\n","protected":false},"author":1,"featured_media":0,"parent":0,"menu_order":0,"comment_status":"closed","ping_status":"closed","template":"page-full-width.php","meta":{"footnotes":""},"class_list":["post-10923","page","type-page","status-publish","hentry"],"aioseo_notices":[],"_links":{"self":[{"href":"https:\/\/www.kouros-investment.com\/fr\/wp-json\/wp\/v2\/pages\/10923","targetHints":{"allow":["GET"]}}],"collection":[{"href":"https:\/\/www.kouros-investment.com\/fr\/wp-json\/wp\/v2\/pages"}],"about":[{"href":"https:\/\/www.kouros-investment.com\/fr\/wp-json\/wp\/v2\/types\/page"}],"author":[{"embeddable":true,"href":"https:\/\/www.kouros-investment.com\/fr\/wp-json\/wp\/v2\/users\/1"}],"replies":[{"embeddable":true,"href":"https:\/\/www.kouros-investment.com\/fr\/wp-json\/wp\/v2\/comments?post=10923"}],"version-history":[{"count":82,"href":"https:\/\/www.kouros-investment.com\/fr\/wp-json\/wp\/v2\/pages\/10923\/revisions"}],"predecessor-version":[{"id":13978,"href":"https:\/\/www.kouros-investment.com\/fr\/wp-json\/wp\/v2\/pages\/10923\/revisions\/13978"}],"wp:attachment":[{"href":"https:\/\/www.kouros-investment.com\/fr\/wp-json\/wp\/v2\/media?parent=10923"}],"curies":[{"name":"wp","href":"https:\/\/api.w.org\/{rel}","templated":true}]}}